{"id":4685,"date":"2020-10-05T14:22:40","date_gmt":"2020-10-05T14:22:40","guid":{"rendered":"https:\/\/reina.qodeinteractive.com\/?page_id=4685"},"modified":"2025-03-09T12:51:41","modified_gmt":"2025-03-09T10:51:41","slug":"class-timetable","status":"publish","type":"page","link":"https:\/\/centrulmaho.ro\/?page_id=4685","title":{"rendered":"Programeaza-te la Centrul Maho"},"content":{"rendered":"\t\t<div data-elementor-type=\"wp-page\" data-elementor-id=\"4685\" class=\"elementor elementor-4685\">\n\t\t\t\t\t\t<section class=\"elementor-section elementor-top-section elementor-element elementor-element-c061124 qodef-elementor-content-grid elementor-section-boxed elementor-section-height-default elementor-section-height-default\" data-id=\"c061124\" data-element_type=\"section\">\n\t\t\t\t\t\t<div class=\"elementor-container elementor-column-gap-default\">\n\t\t\t\t\t<div class=\"elementor-column elementor-col-100 elementor-top-column elementor-element elementor-element-817e83c\" data-id=\"817e83c\" data-element_type=\"column\">\n\t\t\t<div class=\"elementor-widget-wrap elementor-element-populated\">\n\t\t\t\t\t\t<div class=\"elementor-element elementor-element-c67c630 elementor-widget__width-initial elementor-widget-tablet__width-inherit elementor-widget-mobile__width-inherit elementor-widget elementor-widget-reina_core_section_title\" data-id=\"c67c630\" data-element_type=\"widget\" data-widget_type=\"reina_core_section_title.default\">\n\t\t\t\t<div class=\"elementor-widget-container\">\n\t\t\t\t\t<div class=\"qodef-shortcode qodef-m  qodef-section-title  \">\n\t<div class=\"qodef-m-heading\">\n\t\t\t\t\t<h2 class=\"qodef-m-title\" >\n\t\t\t\t\tApeleaz\u0103 la psihoterapie pentru a reu\u0219i s\u0103 dep\u0103\u0219e\u0219ti momentele dificile!\t\t\t<\/h2>\n\t<\/div>\n\t\t<p class=\"qodef-m-text\" style=\"color: #879296\">Psihoterapia joac\u0103 un rol esen\u021bial \u00een managementul terapeutic al majorit\u0103\u021bii afec\u021biunilor psihiatrice, inclusiv stresul, depresia, anxietatea \u0219i tulbur\u0103rile de personalitate, av\u00e2nd beneficii demonstrate \u0219tiin\u021bific. Dac\u0103 \u00een trecut se considera c\u0103 medica\u021bia trateaz\u0103 afec\u021biunile cu cauze biologice, iar terapia se adreseaz\u0103 celor de natur\u0103 psihologic\u0103, cercet\u0103rile din ultimele dou\u0103 decenii confirm\u0103 f\u0103r\u0103 echivoc c\u0103 psihoterapia influen\u021beaz\u0103 structura cerebral\u0103. Astfel, efectele sale sunt complementare celor ale medica\u021biei, contribuind la o recuperare mai rapid\u0103 \u0219i mai eficient\u0103.<\/p>\n\t<\/div>\t\t\t\t<\/div>\n\t\t\t\t<\/div>\n\t\t\t\t\t<\/div>\n\t\t<\/div>\n\t\t\t\t\t<\/div>\n\t\t<\/section>\n\t\t\t\t<section class=\"elementor-section elementor-top-section elementor-element elementor-element-530e42f qodef-elementor-content-grid elementor-section-boxed elementor-section-height-default elementor-section-height-default\" data-id=\"530e42f\" data-element_type=\"section\">\n\t\t\t\t\t\t<div class=\"elementor-container elementor-column-gap-default\">\n\t\t\t\t\t<div class=\"elementor-column elementor-col-50 elementor-top-column elementor-element elementor-element-23d45ce\" data-id=\"23d45ce\" data-element_type=\"column\">\n\t\t\t<div class=\"elementor-widget-wrap elementor-element-populated\">\n\t\t\t\t\t\t<div class=\"elementor-element elementor-element-06a56ae elementor-widget elementor-widget-reina_core_section_title\" data-id=\"06a56ae\" data-element_type=\"widget\" data-widget_type=\"reina_core_section_title.default\">\n\t\t\t\t<div class=\"elementor-widget-container\">\n\t\t\t\t\t<div class=\"qodef-shortcode qodef-m  qodef-section-title  \">\n\t<div class=\"qodef-m-heading\">\n\t\t\t\t\t<h4 class=\"qodef-m-title\" >\n\t\t\t\t\tRezerva\u021bi o programare\t\t\t<\/h4>\n\t<\/div>\n\t\t<\/div>\t\t\t\t<\/div>\n\t\t\t\t<\/div>\n\t\t\t\t<div class=\"elementor-element elementor-element-2acc621 elementor-widget elementor-widget-wp-widget-reina_core_contact_form_7\" data-id=\"2acc621\" data-element_type=\"widget\" data-widget_type=\"wp-widget-reina_core_contact_form_7.default\">\n\t\t\t\t<div class=\"elementor-widget-container\">\n\t\t\t\t\t\t\t\t<div class=\"qodef-contact-form-7\">\n\t\t\t\t\n<div class=\"wpcf7 no-js\" id=\"wpcf7-f6160-o1\" lang=\"en-US\" dir=\"ltr\" data-wpcf7-id=\"6160\">\n<div class=\"screen-reader-response\"><p role=\"status\" aria-live=\"polite\" aria-atomic=\"true\"><\/p> <ul><\/ul><\/div>\n<form action=\"\/index.php?rest_route=%2Fwp%2Fv2%2Fpages%2F4685#wpcf7-f6160-o1\" method=\"post\" class=\"wpcf7-form init\" aria-label=\"Contact form\" novalidate=\"novalidate\" data-status=\"init\">\n<fieldset class=\"hidden-fields-container\"><input type=\"hidden\" name=\"_wpcf7\" value=\"6160\" \/><input type=\"hidden\" name=\"_wpcf7_version\" value=\"6.1.4\" \/><input type=\"hidden\" name=\"_wpcf7_locale\" value=\"en_US\" \/><input type=\"hidden\" name=\"_wpcf7_unit_tag\" value=\"wpcf7-f6160-o1\" \/><input type=\"hidden\" name=\"_wpcf7_container_post\" value=\"0\" \/><input type=\"hidden\" name=\"_wpcf7_posted_data_hash\" value=\"\" \/>\n<\/fieldset>\n<div class=\"qodef-booking-form\">\n<span class=\"wpcf7-form-control-wrap\" data-name=\"your-name\"><input size=\"40\" maxlength=\"400\" class=\"wpcf7-form-control wpcf7-text wpcf7-validates-as-required\" aria-required=\"true\" aria-invalid=\"false\" placeholder=\"Nume si Prenume\" value=\"\" type=\"text\" name=\"your-name\" \/><\/span>\n<span class=\"wpcf7-form-control-wrap\" data-name=\"your-email\"><input size=\"40\" maxlength=\"400\" class=\"wpcf7-form-control wpcf7-email wpcf7-validates-as-required wpcf7-text wpcf7-validates-as-email\" aria-required=\"true\" aria-invalid=\"false\" placeholder=\"Adresa de e-mail\" value=\"\" type=\"email\" name=\"your-email\" \/><\/span>\n<span class=\"wpcf7-form-control-wrap\" data-name=\"tel-862\"><input size=\"40\" maxlength=\"400\" class=\"wpcf7-form-control wpcf7-tel wpcf7-text wpcf7-validates-as-tel\" aria-invalid=\"false\" placeholder=\"Numar de telefon\" value=\"\" type=\"tel\" name=\"tel-862\" \/><\/span>\n<span class=\"wpcf7-form-control-wrap\" data-name=\"type-of-service\"><select class=\"wpcf7-form-control wpcf7-select wpcf7-validates-as-required\" aria-required=\"true\" aria-invalid=\"false\" name=\"type-of-service\"><option value=\"\">Consiliere - psihoterapie individuala<\/option><option value=\"Consiliere - pshihoterapie de cuplu si familie\">Consiliere - pshihoterapie de cuplu si familie<\/option><option value=\"Consiliere - psihoterapie pentru copii\">Consiliere - psihoterapie pentru copii<\/option><option value=\"Consiliere - psihoterapie de grup\">Consiliere - psihoterapie de grup<\/option><option value=\"Meloterapie - terapie prin muzica\">Meloterapie - terapie prin muzica<\/option><option value=\"Art-terapie \/ terapue prin arta\">Art-terapie \/ terapue prin arta<\/option><option value=\"Dans terapie\">Dans terapie<\/option><option value=\"Terapia anxietatii si depresiei\">Terapia anxietatii si depresiei<\/option><option value=\"Terapie depresie\">Terapie depresie<\/option><option value=\"Terapia dependetelor\">Terapia dependetelor<\/option><option value=\"Terapia Mindfulness\">Terapia Mindfulness<\/option><option value=\"Maho Business Training\">Maho Business Training<\/option><option value=\"Wellness - Masaj\">Wellness - Masaj<\/option><\/select><\/span><span><input type=\"text\" onfocus=\"(this.type='date')\" onblur=\"(this.type='text')\" name=\"date\" value=\"\" class=\"wpcf7-form-control wpcf7-date wpcf7-validates-as-required wpcf7-validates-as-date\" aria-required=\"true\" aria-invalid=\"false\" placeholder=\"Data preferat\u0103\"><\/span>\n<button class=\"wpcf7-form-control wpcf7-submit qodef-button qodef-size--normal qodef-type--filled qodef-m\" type=\"submit\"><span class=\"qodef-m-text\">Face\u021bi o programare<\/span><span class=\"qodef-m-background\"><\/span><\/button>\n<\/div><div class=\"wpcf7-response-output\" aria-hidden=\"true\"><\/div>\n<\/form>\n<\/div>\n\t\t\t<\/div>\n\t\t\t\t\t\t\t<\/div>\n\t\t\t\t<\/div>\n\t\t\t\t\t<\/div>\n\t\t<\/div>\n\t\t\t\t<div class=\"elementor-column elementor-col-50 elementor-top-column elementor-element elementor-element-c73aebd\" data-id=\"c73aebd\" data-element_type=\"column\" data-settings=\"{&quot;background_background&quot;:&quot;classic&quot;}\">\n\t\t\t<div class=\"elementor-widget-wrap elementor-element-populated\">\n\t\t\t\t\t\t<div class=\"elementor-element elementor-element-64f2511 elementor-widget elementor-widget-reina_core_section_title\" data-id=\"64f2511\" data-element_type=\"widget\" data-widget_type=\"reina_core_section_title.default\">\n\t\t\t\t<div class=\"elementor-widget-container\">\n\t\t\t\t\t<div class=\"qodef-shortcode qodef-m  qodef-section-title  \">\n\t<div class=\"qodef-m-heading\">\n\t\t\t\t\t<h4 class=\"qodef-m-title\" >\n\t\t\t\t\tDe ce s\u0103 ne alegi?\t\t\t<\/h4>\n\t<\/div>\n\t\t<\/div>\t\t\t\t<\/div>\n\t\t\t\t<\/div>\n\t\t\t\t<div class=\"elementor-element elementor-element-97d1346 elementor-widget elementor-widget-text-editor\" data-id=\"97d1346\" data-element_type=\"widget\" data-widget_type=\"text-editor.default\">\n\t\t\t\t<div class=\"elementor-widget-container\">\n\t\t\t\t\t\t\t\t\t<p>Echipa noastr\u0103 este format\u0103 din terapeu\u021bi \u0219i speciali\u0219ti dedica\u021bi, cu experien\u021b\u0103 vast\u0103 \u00een domeniul s\u0103n\u0103t\u0103\u021bii mentale \u0219i emo\u021bionale. Fiecare membru al echipei noastre aduce expertiz\u0103, compasiune \u0219i o abordare personalizat\u0103 \u00een sprijinirea fiec\u0103rei persoane care ne trece pragul.<\/p>\t\t\t\t\t\t\t\t<\/div>\n\t\t\t\t<\/div>\n\t\t\t\t<section class=\"elementor-section elementor-inner-section elementor-element elementor-element-bac1f89 elementor-section-boxed elementor-section-height-default elementor-section-height-default qodef-elementor-content-no\" data-id=\"bac1f89\" data-element_type=\"section\">\n\t\t\t\t\t\t<div class=\"elementor-container elementor-column-gap-default\">\n\t\t\t\t\t<div class=\"elementor-column elementor-col-50 elementor-inner-column elementor-element elementor-element-a9f5490\" data-id=\"a9f5490\" data-element_type=\"column\">\n\t\t\t<div class=\"elementor-widget-wrap elementor-element-populated\">\n\t\t\t\t\t\t<div class=\"elementor-element elementor-element-57f86c8 elementor-widget elementor-widget-text-editor\" data-id=\"57f86c8\" data-element_type=\"widget\" data-widget_type=\"text-editor.default\">\n\t\t\t\t<div class=\"elementor-widget-container\">\n\t\t\t\t\t\t\t\t\t<ul><li>Abordare personalizat\u0103: Fiecare program de terapie este adaptat nevoilor individuale.<\/li><li>Medii sigure \u0219i sprijin continuu: Oferim un spa\u021biu \u00een care po\u021bi s\u0103 te sim\u021bi ascultat \u0219i \u00een\u021beles<\/li><li>Rezultate transformatoare: Ne concentr\u0103m pe crearea schimb\u0103rilor pozitive \u0219i de durat\u0103 \u00een via\u021ba ta.<\/li><\/ul>\t\t\t\t\t\t\t\t<\/div>\n\t\t\t\t<\/div>\n\t\t\t\t\t<\/div>\n\t\t<\/div>\n\t\t\t\t<div class=\"elementor-column elementor-col-50 elementor-inner-column elementor-element elementor-element-e484b43\" data-id=\"e484b43\" data-element_type=\"column\" data-settings=\"{&quot;background_background&quot;:&quot;classic&quot;}\">\n\t\t\t<div class=\"elementor-widget-wrap elementor-element-populated\">\n\t\t\t\t\t\t<div class=\"elementor-element elementor-element-1272e34 elementor-widget elementor-widget-reina_core_single_image\" data-id=\"1272e34\" data-element_type=\"widget\" data-widget_type=\"reina_core_single_image.default\">\n\t\t\t\t<div class=\"elementor-widget-container\">\n\t\t\t\t\t<div class=\"qodef-shortcode qodef-m  qodef-single-image qodef-layout--default  qodef--draw-svg qodef--has-appear\">\n\t<div class=\"qodef-m-image\">\n\t\t\t\t\t<div class=\"qodef-m-svg\" style=\"width: 105%;fill: #02010100;stroke: #D9D9D9;top: -17%;left: -3%\">\n\t\t<svg xmlns=\"http:\/\/www.w3.org\/2000\/svg\" xmlns:xlink=\"http:\/\/www.w3.org\/1999\/xlink\" x=\"0px\" y=\"0px\"\n\t viewBox=\"0 0 486.4 249.3\" xml:space=\"preserve\">\n<path d=\"M485.7,180.9c-16.5,6-111.5-5.3-116.8,6.2c-1.4,3.1,3,6.1,6.4,6.5c18.2,2.3,44.8,5.5,57.8-1.6\n\tc14.5-7.9,9.8-17.8-1-23.4c-20-10.5-30.5-12.6-53.2-13.2c10.8,1.6,52.1,18.9,50.5-8.3c-0.6-10.7-26.3-19.9-34.1-22.3\n\tc16.4-0.1,34.8-4.7,28.3-21.7C419.5,92.2,394,91,382.1,92.2c11.3-2.8,25.5-8.4,26.9-16.5c1.4-7.9-8.6-10-15.6-9.3\n\tc-7.4,0.8-23.1,9-27.7,14.1c-5.9,6.5,3.2,14.3,10.1,14.4c-9,0.9-22.5,4.9-21.9,14.3c0.8,11.8,15.3,10.6,26.7,12.7\n\tc-11.4-4.5-29,0.9-28.8,7c1.2,38.1,0.8,67.6-9.6,67.6c-48.1,0.1-64.3,1.8-62.1-2.6c4.2-8.3,17-5.8,42.4-6.7\n\tc0.1-2.5-0.1-30.2-0.1-52.1c0-9.3,0.1-13.5,0.3-17.6c0.8-14.6,14.4-11.8,13.8-3c-0.3,4.1-0.3,58.4-0.3,75c2.8,0.8,9.5-1.9,9.4-7.7\n\tc-0.3-24.9,0-64,0-68.5c0-9.8-6.3-17.4-20.6-17.8c-8.6-0.3-11.9-0.7-13.8-1.3c4.5-2.7,11,0.2,11.1-2.9c0.1-9.5,1-15.6-0.3-19.4\n\tc-0.9-2.1-7.7,1.2-6.4-5.3c0.2-1-5.7,0.5-5.8-1.3c-0.4-6.5-0.5-16,0-18.3c0.1-0.6,2.7-1.1,2.9-1.7c0.3-1,0.4-3.4,0.1-5.8\n\tc-0.1-0.9-4.4-3.3-4.6-4.1c3.1,0.7,9.3,3.6,11.4,5.1c4.3,3.2,5.5,4,8.3-1.9c-5.6-5.3-15.3-8.4-22.8-10.3C288,24,275.3,26,265.4,29\n\tc15.3,3.7,6.3,9.9,12.3,7.4c6.6-2.7,14.3-3.1,18.6-2.1c1.3,0.3,2.2,0.3,1.8,5.2c-0.2,2.3-0.3,4.8,0.2,6c0.3,0.8,4.5,0.8,5,1.4\n\tc0.3,0.3-3.1,1.1-2.9,1.9c0.8,3.2,0.5,9.3,0.3,17.2c-3.7,0.4-4.3-0.2-6.2,0.2c-1.4,0.3-0.8,2.2-1,3.7c0,0.5,13.4,1.2,13.3,1.6\n\tc-0.5,2-14.6,1.2-15.1,1.3c-1.6,0.1-4.2-0.6-4.6,0.6c-0.7,1.9-0.8,16-0.3,19c0.2,1.5,18.5,2.3,17.9,3s-24.6,1.4-26.5,1.7\n\tc-8.3,1-13.2,8.4-13.3,15.7c-0.4,33.9,0,52.6,1.5,63.1c1.2,9.1,4.7,13.4,11.5,7.2c2.1-1.9,3.4-4.6,2.3-9.2\n\tc-4.4-17.8-11.8-33.8-38.3-36.6c-16.8-1.8-57.8,0.6-67.5,7.3c-21.3,14.7,2.6,37.9,14.8,19.6c4.3-6.4,9-16.7,12.4-19.1\n\tc-1.4,8.1,1.3,16.7,17.6,15.4c9.8-0.8,18.1-9,26.6-13.4c-18.1-2.3-17.8-9.2-29.5-16.1c-4.7-2.8-14.8-3.5-19.9,0\n\tc-5.7,3.8,2.1,5.6,5.9,5.1c29.8-4,26-18.8,46.6-19.5c-5.5,0.3-11.7-7.7-16.1-10.7c-11.8-8.1-32.5-4-37.5,8.4\n\tc-1.2,3-5.2,9.5-0.3,11.4c4.8,1.8,7-3.5,7-7c0-18.1-23-15.5-33.2-29.5c-1,6.9-12.4,8-11.9,23.8c0.7,18.1,27.6,21.7,32.7,17.5\n\tc2.5-2.1-7-13-19.5-13.9c-17.6-1.2-26.1,9.3-35.4,3.1c3.3,5.2,3.5,11,7.8,15.8c11.6,12.7,27.4,9.2,22.3,9.7\n\tc-40.5,3.9-57.3,10.3-60,11.6c-17.1,8,10.3-8.1,42,2.4c26.2,8.7,33.6,29.2,35.7,44.8c2.2,16.8,57.6-16.7,65.3-7.8\n\tc4.5,5.2-2.6,8.2-10.9,11c-36,12.2-44.9,15.1-58.7,16.6c-27,2.9-79.8-12.9-79.1-31.6c0.4-9.2,9.4-17.5,32.6-15.4\n\tc12.9,1.2,26.2,14,25.8,21.2c-0.4,6.4-6.6,5.8-11.8,5.3c-5.5-0.5-50.9-9.4-51.6-24.9c-0.3-7.4,2.5-10.2,8.7-13.1\n\tc13.6-6.4,39.9-3.4,55,9c11.6,9.5,28.8,45.6,8.6,44.5c-2.4-0.1-131-9.5-165.5,5.5\"\/>\n<\/svg>\n\t<\/div>\n\t\t<img fetchpriority=\"high\" decoding=\"async\" width=\"600\" height=\"265\" src=\"https:\/\/centrulmaho.ro\/wp-content\/uploads\/2020\/10\/services-background-img-2.png\" class=\"attachment-full size-full\" alt=\"s\" srcset=\"https:\/\/centrulmaho.ro\/wp-content\/uploads\/2020\/10\/services-background-img-2.png 600w, https:\/\/centrulmaho.ro\/wp-content\/uploads\/2020\/10\/services-background-img-2-300x133.png 300w\" sizes=\"(max-width: 600px) 100vw, 600px\" \/>\t<\/div>\n<\/div>\t\t\t\t<\/div>\n\t\t\t\t<\/div>\n\t\t\t\t\t<\/div>\n\t\t<\/div>\n\t\t\t\t\t<\/div>\n\t\t<\/section>\n\t\t\t\t\t<\/div>\n\t\t<\/div>\n\t\t\t\t\t<\/div>\n\t\t<\/section>\n\t\t\t\t<section class=\"elementor-section elementor-top-section elementor-element elementor-element-786d97a elementor-section-full_width elementor-section-content-bottom elementor-section-height-default elementor-section-height-default qodef-elementor-content-no\" data-id=\"786d97a\" data-element_type=\"section\" data-settings=\"{&quot;background_background&quot;:&quot;classic&quot;}\">\n\t\t\t\t\t\t<div class=\"elementor-container elementor-column-gap-default\">\n\t\t\t\t\t<div class=\"elementor-column elementor-col-100 elementor-top-column elementor-element elementor-element-dbf9083\" data-id=\"dbf9083\" data-element_type=\"column\" data-settings=\"{&quot;background_background&quot;:&quot;classic&quot;}\">\n\t\t\t<div class=\"elementor-widget-wrap elementor-element-populated\">\n\t\t\t\t\t\t<div class=\"elementor-element elementor-element-c26c6ac qodef-parallax-image elementor-hidden-phone elementor-widget elementor-widget-image\" data-id=\"c26c6ac\" data-element_type=\"widget\" data-widget_type=\"image.default\">\n\t\t\t\t<div class=\"elementor-widget-container\">\n\t\t\t\t\t\t\t\t\t\t\t\t\t\t\t<img decoding=\"async\" width=\"96\" height=\"73\" src=\"https:\/\/centrulmaho.ro\/wp-content\/uploads\/2020\/09\/flower-right.png\" class=\"attachment-full size-full wp-image-358\" alt=\"m\" \/>\t\t\t\t\t\t\t\t\t\t\t\t\t\t\t<\/div>\n\t\t\t\t<\/div>\n\t\t\t\t\t<\/div>\n\t\t<\/div>\n\t\t\t\t\t<\/div>\n\t\t<\/section>\n\t\t\t\t<section class=\"elementor-section elementor-top-section elementor-element elementor-element-e7f85c4 qodef-elementor-content-grid elementor-section-full_width elementor-section-height-min-height elementor-section-height-default elementor-section-items-middle\" data-id=\"e7f85c4\" data-element_type=\"section\" data-settings=\"{&quot;background_background&quot;:&quot;classic&quot;}\">\n\t\t\t\t\t\t<div class=\"elementor-container elementor-column-gap-default\">\n\t\t\t\t\t<div class=\"elementor-column elementor-col-50 elementor-top-column elementor-element elementor-element-d707ef3\" data-id=\"d707ef3\" data-element_type=\"column\" data-settings=\"{&quot;background_background&quot;:&quot;classic&quot;}\">\n\t\t\t<div class=\"elementor-widget-wrap elementor-element-populated\">\n\t\t\t\t\t\t<div class=\"elementor-element elementor-element-2957d43 elementor-widget elementor-widget-reina_core_section_title\" data-id=\"2957d43\" data-element_type=\"widget\" data-widget_type=\"reina_core_section_title.default\">\n\t\t\t\t<div class=\"elementor-widget-container\">\n\t\t\t\t\t<div class=\"qodef-shortcode qodef-m  qodef-section-title  \">\n\t<div class=\"qodef-m-heading\">\n\t\t\t\t\t<h1 class=\"qodef-m-title\" style=\"color: #FFFFFF\">\n\t\t\t\t\tProgramul Centrului Maho\t\t\t<\/h1>\n\t<\/div>\n\t\t<\/div>\t\t\t\t<\/div>\n\t\t\t\t<\/div>\n\t\t\t\t<div class=\"elementor-element elementor-element-2192bbb elementor-widget elementor-widget-text-editor\" data-id=\"2192bbb\" data-element_type=\"widget\" data-widget_type=\"text-editor.default\">\n\t\t\t\t<div class=\"elementor-widget-container\">\n\t\t\t\t\t\t\t\t\t<p>De fiecare dat\u0103 c\u00e2nd ajungi la Centrul Maho, ne face pl\u0103cere s\u0103 \u00ee\u021bi fim al\u0103turi \u0219i s\u0103 te sus\u021binem cu cele mai potrivite terapii, adaptate nevoilor tale. Suntem aici pentru tine \u0219i \u00ee\u021bi dorim mult succes \u00een c\u0103l\u0103toria ta de recuperare \u0219i bun\u0103stare! Te rug\u0103m s\u0103 \u021bii cont de programul nostru de lucru:<\/p>\t\t\t\t\t\t\t\t<\/div>\n\t\t\t\t<\/div>\n\t\t\t\t<div class=\"elementor-element elementor-element-e8cfec3 elementor-widget elementor-widget-text-editor\" data-id=\"e8cfec3\" data-element_type=\"widget\" data-widget_type=\"text-editor.default\">\n\t\t\t\t<div class=\"elementor-widget-container\">\n\t\t\t\t\t\t\t\t\t<p style=\"color: #ffff;\"><strong>LUNI\u00a0 &#8211; VINERI : 10:00 &#8211; 18:00<\/strong><\/p><p style=\"color: #ffff;\"><strong>SAMBATA: 10:00 &#8211; 16:00<\/strong><\/p><p style=\"color: #ffff;\"><strong>DUMINICA: INCHIS<\/strong><\/p>\t\t\t\t\t\t\t\t<\/div>\n\t\t\t\t<\/div>\n\t\t\t\t\t<\/div>\n\t\t<\/div>\n\t\t\t\t<div class=\"elementor-column elementor-col-50 elementor-top-column elementor-element elementor-element-ed5d920\" data-id=\"ed5d920\" data-element_type=\"column\">\n\t\t\t<div class=\"elementor-widget-wrap elementor-element-populated\">\n\t\t\t\t\t\t<div class=\"elementor-element elementor-element-169b0e6 elementor-widget__width-initial elementor-widget-tablet__width-inherit elementor-widget-mobile__width-inherit elementor-widget elementor-widget-reina_core_booked_calendar\" data-id=\"169b0e6\" data-element_type=\"widget\" data-widget_type=\"reina_core_booked_calendar.default\">\n\t\t\t\t<div class=\"elementor-widget-container\">\n\t\t\t\t\t<div class=\"qodef-shortcode qodef-m  qodef-booked-calendar \">\n\t\t<div class=\"booked-calendar-shortcode-wrap\"><div class=\"booked-calendar-wrap small\"><div class=\"booked-calendar\" data-calendar-id=\"77\" data-calendar-date=\"2026-04-01\">\n\t\t<div class=\"bc-head\">\n\n\t\t\t\n\t\t\t<div class=\"bc-row top\">\n\t\t\t\t<div class=\"bc-col\">\n\t\t\t\t\t\t\t\t\t\t<span class=\"calendarSavingState\">\n\t\t\t\t\t\t<i class=\"fa-solid fa-circle-notch fa-spin\"><\/i>\n\t\t\t\t\t<\/span>\n\t\t\t\t\t<span class=\"monthName\">\n\t\t\t\t\t\taprilie 2026\t\t\t\t\t\t\t\t\t\t\t<\/span>\n\t\t\t\t\t<a href=\"#\" data-goto=\"2026-05-01\" class=\"page-right\"><i class=\"fa-solid fa-arrow-right\"><\/i><\/a>\t\t\t\t<\/div>\n\t\t\t<\/div>\n\t\t\t<div class=\"bc-row days\">\n\t\t\t\t\t\t\t\t<div class=\"bc-col\">lun<\/div>\n\t\t\t\t<div class=\"bc-col\">mar<\/div>\n\t\t\t\t<div class=\"bc-col\">mie<\/div>\n\t\t\t\t<div class=\"bc-col\">J<\/div>\n\t\t\t\t<div class=\"bc-col\">vin<\/div>\n\t\t\t\t<div class=\"bc-col\">S<\/div>\t\t\t\t<div class=\"bc-col\">D<\/div>\t\t\t<\/div>\n\t\t<\/div>\n\t\t<div class=\"bc-body\"><div class=\"bc-row week\"><div data-date=\"2026-03-30\" class=\"bc-col prev-month prev-date\"><span class=\"date\"><span class=\"number\">30<\/span><\/span><\/div><div data-date=\"2026-03-31\" class=\"bc-col prev-month prev-date\"><span class=\"date\"><span class=\"number\">31<\/span><\/span><\/div><div data-date=\"2026-04-1\" class=\"bc-col prev-date\"><span class=\"date\"><span class=\"number\">1<\/span><\/span><\/div><div data-date=\"2026-04-2\" class=\"bc-col prev-date\"><span class=\"date\"><span class=\"number\">2<\/span><\/span><\/div><div data-date=\"2026-04-3\" class=\"bc-col prev-date\"><span class=\"date\"><span class=\"number\">3<\/span><\/span><\/div><div data-date=\"2026-04-4\" class=\"bc-col prev-date\"><span class=\"date\"><span class=\"number\">4<\/span><\/span><\/div><div data-date=\"2026-04-5\" class=\"bc-col prev-date\"><span class=\"date\"><span class=\"number\">5<\/span><\/span><\/div><\/div><div class=\"bc-row week\"><div data-date=\"2026-04-6\" class=\"bc-col prev-date\"><span class=\"date\"><span class=\"number\">6<\/span><\/span><\/div><div data-date=\"2026-04-7\" class=\"bc-col prev-date\"><span class=\"date\"><span class=\"number\">7<\/span><\/span><\/div><div data-date=\"2026-04-8\" class=\"bc-col prev-date\"><span class=\"date\"><span class=\"number\">8<\/span><\/span><\/div><div data-date=\"2026-04-9\" class=\"bc-col prev-date\"><span class=\"date\"><span class=\"number\">9<\/span><\/span><\/div><div data-date=\"2026-04-10\" class=\"bc-col prev-date\"><span class=\"date\"><span class=\"number\">10<\/span><\/span><\/div><div data-date=\"2026-04-11\" class=\"bc-col prev-date\"><span class=\"date\"><span class=\"number\">11<\/span><\/span><\/div><div data-date=\"2026-04-12\" class=\"bc-col prev-date\"><span class=\"date\"><span class=\"number\">12<\/span><\/span><\/div><\/div><div class=\"bc-row week\"><div data-date=\"2026-04-13\" class=\"bc-col prev-date\"><span class=\"date\"><span class=\"number\">13<\/span><\/span><\/div><div data-date=\"2026-04-14\" class=\"bc-col prev-date\"><span class=\"date\"><span class=\"number\">14<\/span><\/span><\/div><div data-date=\"2026-04-15\" class=\"bc-col prev-date\"><span class=\"date\"><span class=\"number\">15<\/span><\/span><\/div><div data-date=\"2026-04-16\" class=\"bc-col prev-date\"><span class=\"date\"><span class=\"number\">16<\/span><\/span><\/div><div data-date=\"2026-04-17\" class=\"bc-col today prev-date\"><span class=\"date\"><span class=\"number\">17<\/span><\/span><\/div><div data-date=\"2026-04-18\" class=\"bc-col prev-date\"><span class=\"date\"><span class=\"number\">18<\/span><\/span><\/div><div data-date=\"2026-04-19\" class=\"bc-col prev-date\"><span class=\"date\"><span class=\"number\">19<\/span><\/span><\/div><\/div><div class=\"bc-row week\"><div data-date=\"2026-04-20\" class=\"bc-col \"><span class=\"date tooltipster\" title=\"6 Available\"><span class=\"number\">20<\/span><\/span><\/div><div data-date=\"2026-04-21\" class=\"bc-col prev-date\"><span class=\"date\"><span class=\"number\">21<\/span><\/span><\/div><div data-date=\"2026-04-22\" class=\"bc-col prev-date\"><span class=\"date\"><span class=\"number\">22<\/span><\/span><\/div><div data-date=\"2026-04-23\" class=\"bc-col prev-date\"><span class=\"date\"><span class=\"number\">23<\/span><\/span><\/div><div data-date=\"2026-04-24\" class=\"bc-col prev-date\"><span class=\"date\"><span class=\"number\">24<\/span><\/span><\/div><div data-date=\"2026-04-25\" class=\"bc-col prev-date\"><span class=\"date\"><span class=\"number\">25<\/span><\/span><\/div><div data-date=\"2026-04-26\" class=\"bc-col prev-date\"><span class=\"date\"><span class=\"number\">26<\/span><\/span><\/div><\/div><div class=\"bc-row week\"><div data-date=\"2026-04-27\" class=\"bc-col \"><span class=\"date tooltipster\" title=\"6 Available\"><span class=\"number\">27<\/span><\/span><\/div><div data-date=\"2026-04-28\" class=\"bc-col prev-date\"><span class=\"date\"><span class=\"number\">28<\/span><\/span><\/div><div data-date=\"2026-04-29\" class=\"bc-col prev-date\"><span class=\"date\"><span class=\"number\">29<\/span><\/span><\/div><div data-date=\"2026-04-30\" class=\"bc-col prev-date\"><span class=\"date\"><span class=\"number\">30<\/span><\/span><\/div><div data-date=\"2026-05-1\" class=\"bc-col next-month prev-date\"><span class=\"date\"><span class=\"number\">1<\/span><\/span><\/div><div data-date=\"2026-05-2\" class=\"bc-col next-month prev-date\"><span class=\"date\"><span class=\"number\">2<\/span><\/span><\/div><div data-date=\"2026-05-3\" class=\"bc-col next-month prev-date\"><span class=\"date\"><span class=\"number\">3<\/span><\/span><\/div><\/div>\t\t<\/div>\n\t<\/div><\/div><\/div><\/div>\t\t\t\t<\/div>\n\t\t\t\t<\/div>\n\t\t\t\t\t<\/div>\n\t\t<\/div>\n\t\t\t\t\t<\/div>\n\t\t<\/section>\n\t\t\t\t<\/div>\n\t\t","protected":false},"excerpt":{"rendered":"<p>Apeleaz\u0103 la psihoterapie pentru a reu\u0219i s\u0103 dep\u0103\u0219e\u0219ti momentele dificile! Psihoterapia joac\u0103 un rol esen\u021bial \u00een managementul terapeutic al majorit\u0103\u021bii afec\u021biunilor psihiatrice, inclusiv stresul, depresia, anxietatea \u0219i tulbur\u0103rile de personalitate, av\u00e2nd beneficii demonstrate \u0219tiin\u021bific. Dac\u0103 \u00een trecut se considera c\u0103 medica\u021bia trateaz\u0103 afec\u021biunile cu cauze biologice, iar terapia se adreseaz\u0103 celor de natur\u0103 psihologic\u0103, cercet\u0103rile [&hellip;]<\/p>\n","protected":false},"author":1,"featured_media":0,"parent":0,"menu_order":0,"comment_status":"closed","ping_status":"closed","template":"page-full-width.php","meta":{"footnotes":""},"class_list":["post-4685","page","type-page","status-publish","hentry"],"jetpack_sharing_enabled":true,"_links":{"self":[{"href":"https:\/\/centrulmaho.ro\/index.php?rest_route=\/wp\/v2\/pages\/4685","targetHints":{"allow":["GET"]}}],"collection":[{"href":"https:\/\/centrulmaho.ro\/index.php?rest_route=\/wp\/v2\/pages"}],"about":[{"href":"https:\/\/centrulmaho.ro\/index.php?rest_route=\/wp\/v2\/types\/page"}],"author":[{"embeddable":true,"href":"https:\/\/centrulmaho.ro\/index.php?rest_route=\/wp\/v2\/users\/1"}],"replies":[{"embeddable":true,"href":"https:\/\/centrulmaho.ro\/index.php?rest_route=%2Fwp%2Fv2%2Fcomments&post=4685"}],"version-history":[{"count":10,"href":"https:\/\/centrulmaho.ro\/index.php?rest_route=\/wp\/v2\/pages\/4685\/revisions"}],"predecessor-version":[{"id":17690,"href":"https:\/\/centrulmaho.ro\/index.php?rest_route=\/wp\/v2\/pages\/4685\/revisions\/17690"}],"wp:attachment":[{"href":"https:\/\/centrulmaho.ro\/index.php?rest_route=%2Fwp%2Fv2%2Fmedia&parent=4685"}],"curies":[{"name":"wp","href":"https:\/\/api.w.org\/{rel}","templated":true}]}}